{"id":2,"date":"2017-06-12T14:45:26","date_gmt":"2017-06-12T12:45:26","guid":{"rendered":"http:\/\/localhost\/caravan\/?page_id=2"},"modified":"2026-03-12T14:57:03","modified_gmt":"2026-03-12T13:57:03","slug":"voorbeeld-pagina","status":"publish","type":"page","link":"http:\/\/caravannaturistencamping.com\/fr\/","title":{"rendered":""},"content":{"rendered":"<p><strong>Bienvenue<\/strong><br \/>\nNous sommes Door en Roy, propri\u00e9taires fiers d\u2019une caravane \u00e0 <a href=\"http:\/\/www.valdromesoleil.com\/pages_fr\/home_fr-00.html\">Val Dr\u00f4me Soleil<\/a>, <strong>le plus beau camping naturiste en France<\/strong>. Ce camping est situ\u00e9 dans le quartier \u00ab\u00a0Crest\u00a0\u00bb, dans le beau d\u00e9partement \u00ab\u00a0Dr\u00f4me\u00a0\u00bb, proche de \u00ab\u00a0Provence\u00a0\u00bb. C&rsquo;est environ 1020 km d\u2019Utrecht. Le camping se trouve \u00e0 quelques minutes \u00e0 pied de la rivi\u00e8re \u00ab\u00a0la Dr\u00f4me\u00a0\u00bb o\u00f9 on peut se baigner ou faire du cano\u00eb. La caravane se trouve dans un bel endroit calme et abrit\u00e9 avec soleil et ombre et \u00e0 environ 350 m\u00e8tres du restaurant et de toutes les installations sanitaires \u00e0 l&rsquo;endroit 61 (<a href=\"http:\/\/www.valdromesoleil.com\/pages_fr\/plattegrond_fr-00.html\">voir le lien pour la carte<\/a>)<\/p>\n<p><strong>La caravane<\/strong><br \/>\nLa caravane est tr\u00e8s spacieuse : 6.25 m x 2.50 m enti\u00e8rement \u00e9quip\u00e9e d&rsquo;un lit de 1.90 m x 1.40 m dans lequel on peut se promener, un spacieux coin salon en forme de L qui peut \u00eatre converti en lit pour 2 enfants jusqu&rsquo;\u00e0 13 ans. \u00c9galement disponible dans notre caravane : une salle de toilettes (avec WC et lavabo \u00e0 cassette chimique). Notre auvent tr\u00e8s spacieux dispose d&rsquo;un r\u00e9frig\u00e9rateur avec un compartiment cong\u00e9lateur s\u00e9par\u00e9. Il y a aussi un \u00e9vier de cuisine avec l\u2019eau courante, une cuisini\u00e8re, des ustensiles de cuisine et une table avec des chaises. <strong>.<\/strong> Voyez <a href=\"https:\/\/caravannaturistencamping.com\/fr\/fotos\/\">les photos<\/a> pour tous les d\u00e9tails, s\u00edl vous pla\u00eet. <strong>Il est interdit de fumer dans notre caravane\u00a0<\/strong>A c\u00f4t\u00e9 de la caravane il se trouve une grande terrasse avec mobilier de jardin, chaises longues, hamac et douche ext\u00e9rieure. Il y a une couette, mais vous devez apporter votre propre linge de lit !\u00a0Devant la caravane, il y a encore beaucoup de place pour une tente priv\u00e9e pour 2 personnes.<\/p>\n<p><strong>Les taux<\/strong><br \/>\nLe prix de location est de 245 euros la semaine (7 nuits). Cela n&rsquo;inclut pas les frais de <a href=\"http:\/\/www.valdromesoleil.com\/pages_fr\/tarieven_fr-00.html\">s\u00e9jour<\/a> au camping. Recherchez le prix actuel sur la site internet de Val Drome Soleil. Nous vous demandons de payer pour la location de la caravane: 50% au moment de la r\u00e9servation et 50% 6 semaines avant le jour de votre arriv\u00e9e. En cas d&rsquo;annulation, le locataire est redevable des frais d&rsquo;annulation suivants: jusqu&rsquo;\u00e0 10 semaines avant le d\u00e9but de la p\u00e9riode de location 25% du loyer. Jusqu&rsquo;\u00e0 6 semaines avant le d\u00e9but de la p\u00e9riode de location 50% du loyer. A partir de 6 semaines avant la date de location, 75% du loyer.<\/p>\n<p><strong>R\u00e9server<\/strong><br \/>\nVous pouvez r\u00e9server au <a href=\"https:\/\/caravannaturistencamping.com\/fr\/kalender\/\">calendrier<\/a> sur le site. S\u00e9lectionnez tous les jours o\u00f9 vous souhaitez louer la caravane, y compris le jour du d\u00e9part. Vous recevrez un email avec une confirmation pr\u00e9alable. Nous vous enverrons une nouvelle confirmation quand votre r\u00e9servation soit d\u00e9finitive. Vous recevrez \u00e9galement des informations de notre part sur l&rsquo;inventaire, les conditions et une instruction.<\/p>\n<p>Si vous avez des questions ou si vous souhaitez plus d&rsquo;informations, n\u2019h\u00e9sitez pas de nous appeler: +31 (0) 6 41605246 Vous pouvez \u00e9galement envoyer un email \u00e0 info@caravannaturistencamping.com<\/p>\n<p>Nous nous r\u00e9jouissons de votre arriv\u00e9e. Cordialement, Roy &amp; Door<\/p>\n","protected":false},"excerpt":{"rendered":"<p>Bienvenue Nous sommes Door en Roy, propri\u00e9taires fiers d\u2019une caravane \u00e0 Val Dr\u00f4me Soleil, le plus beau camping naturiste en France. Ce camping est situ\u00e9 dans le quartier \u00ab\u00a0Crest\u00a0\u00bb, dans <a class=\"more-link\" href=\"http:\/\/caravannaturistencamping.com\/fr\/\">Continue Reading \u2192<\/a><\/p>\n","protected":false},"author":1,"featured_media":0,"parent":0,"menu_order":0,"comment_status":"closed","ping_status":"open","template":"","meta":[],"translation":{"provider":"WPGlobus","version":"2.8.11","language":"fr","enabled_languages":["nl","fr"],"languages":{"nl":{"title":false,"content":true,"excerpt":false},"fr":{"title":false,"content":true,"excerpt":false}}},"_links":{"self":[{"href":"http:\/\/caravannaturistencamping.com\/fr\/wp-json\/wp\/v2\/pages\/2"}],"collection":[{"href":"http:\/\/caravannaturistencamping.com\/fr\/wp-json\/wp\/v2\/pages"}],"about":[{"href":"http:\/\/caravannaturistencamping.com\/fr\/wp-json\/wp\/v2\/types\/page"}],"author":[{"embeddable":true,"href":"http:\/\/caravannaturistencamping.com\/fr\/wp-json\/wp\/v2\/users\/1"}],"replies":[{"embeddable":true,"href":"http:\/\/caravannaturistencamping.com\/fr\/wp-json\/wp\/v2\/comments?post=2"}],"version-history":[{"count":72,"href":"http:\/\/caravannaturistencamping.com\/fr\/wp-json\/wp\/v2\/pages\/2\/revisions"}],"predecessor-version":[{"id":372,"href":"http:\/\/caravannaturistencamping.com\/fr\/wp-json\/wp\/v2\/pages\/2\/revisions\/372"}],"wp:attachment":[{"href":"http:\/\/caravannaturistencamping.com\/fr\/wp-json\/wp\/v2\/media?parent=2"}],"curies":[{"name":"wp","href":"https:\/\/api.w.org\/{rel}","templated":true}]}}