{"id":11,"date":"2017-06-12T15:04:14","date_gmt":"2017-06-12T13:04:14","guid":{"rendered":"http:\/\/localhost\/caravan\/?page_id=11"},"modified":"2023-01-18T22:18:43","modified_gmt":"2023-01-18T21:18:43","slug":"kalender","status":"publish","type":"page","link":"https:\/\/caravannaturistencamping.com\/fr\/kalender\/","title":{"rendered":"Calendrier"},"content":{"rendered":"<p>Cher visiteur, veuillez noter ! Si vous souhaitez effectuer une r\u00e9servation, vous devez cliquer sur tous les jours du calendrier jusqu&rsquo;au jour o\u00f9 vous souhaitez partir inclus, ceux-ci seront alors de couleur noire. N&rsquo;oubliez pas de remplir le formulaire ci-dessous et de saisir le code alphab\u00e9tique avant d&rsquo;appuyer sur envoyer. Ce n&rsquo;est qu&rsquo;alors que nous recevrons votre r\u00e9servation et que nous pourrons finaliser cette r\u00e9servation. Vous verrez un message dans un \u00e9cran suivant une fois votre r\u00e9servation envoy\u00e9e correctement. Vous recevrez toujours un e-mail lorsque nous aurons re\u00e7u votre r\u00e9servation. Votre r\u00e9servation n&rsquo;est d\u00e9finitive que lorsque nous vous l&rsquo;avons confirm\u00e9e. Pour toute question, vous pouvez toujours nous envoyer un e-mail ou nous appeler<\/p>\n <div id=\"form_id165246805689\"  class=\"wpbc_container wpbc_form wpbc_container_booking_form  \" ><form  id=\"booking_form1\"   class=\"booking_form vertical\" method=\"post\" action=\"\"><div id=\"ajax_respond_insert1\" class=\"ajax_respond_insert\" style=\"display:none;\"><\/div><a name=\"bklnk1\" id=\"bklnk1\"><\/a><div id=\"booking_form_div1\" class=\"booking_form_div\"><style type=\"text\/css\">.wpbc_container_booking_form .block_hints, .wpbc_booking_form_simple.wpbc_form_center .wpbc__form__div .wpbc__row.wpbc_r_calendar,  .wpbc_booking_form_simple .wpbc__form__div .wpbc__row:not(.wpbc_r_calendar){max-width:100%;} <\/style>\n<div class=\"wpbc_booking_form_simple \">\n    <div class=\"wpbc__form__div\">\n\t<div class=\"wpbc_r_calendar wpbc__row\">\n      <div class=\"wpbc_r_calendar wpbc__field\"> <div class=\"wpbc_calendar_wraper wpbc_change_over_triangle wpbc_calendar_skin_legacy\"><div class=\"wpbc_cal_container bk_calendar_frame wpbc_no_custom_width  months_num_in_row_ cal_month_num_3 wpbc_timeslot_day_bg_as_available\" style=\"\"><div id=\"calendar_booking1\">Chargement du calendrier...<\/div><\/div><div style=\"font-size:7px;text-align:left;margin:0 0 10px;text-shadow: none;\">Powered by <a href=\"https:\/\/wpbookingcalendar.com\" style=\"font-size:7px;\" target=\"_blank\" title=\"Booking Calendar plugin for WordPress\">Booking Calendar<\/a><\/div><textarea id=\"date_booking1\" name=\"date_booking1\" autocomplete=\"off\" style=\"display:none;\"><\/textarea><div class=\"block_hints datepick \"><div class=\"wpdev_hint_with_text\"><div class=\"\"><div class=\"datepick-inline wpbc_calendar_legend_table_width_height\"><table class=\"datepick wpbc_calendar\" style=\"\"><tbody><tr><td class=\"datepick-days-cell date_available wpbc_calendar_legend_day_cell_height\"><div class=\"wpbc-cell-box\">\t<div class=\"date-cell-content\">\t\t<div class=\"date-content-top\"><\/div>\t\t<a>&nbsp;<\/a>\t\t<div class=\"date-content-bottom\"><\/div>\t<\/div><\/div><\/td><\/tr><\/tbody><\/table><\/div><\/div><div class=\"block_text\">- <\/div><div class=\"block_text\">Beschikbaar<\/div><\/div><div class=\"wpdev_hint_with_text\"><div class=\"\"><div class=\"datepick-inline wpbc_calendar_legend_table_width_height\"><table class=\"datepick wpbc_calendar\" style=\"\"><tbody><tr><td class=\"datepick-days-cell datepick-unselectable date_user_unavailable full_day_booking date_approved wpbc_calendar_legend_day_cell_height\"><div class=\"wpbc-cell-box\">\t<div class=\"date-cell-content\">\t\t<div class=\"date-content-top\"><\/div>\t\t<span>&nbsp;<\/span>\t\t<div class=\"date-content-bottom\"><\/div>\t<\/div><\/div><\/td><\/tr><\/tbody><\/table><\/div><\/div><div class=\"block_text\">- <\/div><div class=\"block_text\">Gereserveerd<\/div><\/div><div class=\"wpdev_hint_with_text\"><div class=\"\"><div class=\"datepick-inline wpbc_calendar_legend_table_width_height\"><table class=\"datepick wpbc_calendar\" style=\"\"><tbody><tr><td class=\"datepick-days-cell datepick-unselectable date_user_unavailable full_day_booking date2approve wpbc_calendar_legend_day_cell_height\"><div class=\"wpbc-cell-box\">\t<div class=\"date-cell-content\">\t\t<div class=\"date-content-top\"><\/div>\t\t<span>&nbsp;<\/span>\t\t<div class=\"date-content-bottom\"><\/div>\t<\/div><\/div><\/td><\/tr><\/tbody><\/table><\/div><\/div><div class=\"block_text\">- <\/div><div class=\"block_text\">In Behandeling<\/div><\/div><div class=\"wpdev_hint_with_text\"><div class=\"\"><span class=\" wpbc_timeslot_day_bg_as_available wpbc_change_over_triangle\"><div class=\"datepick-inline wpbc_calendar_legend_table_width_height\"><table class=\"datepick wpbc_calendar\" style=\"\"><tbody><tr><td class=\"datepick-days-cell date_available date2approve timespartly times_clock wpbc_calendar_legend_day_cell_height\"><div class=\"wpbc-cell-box\">\t<div class=\"wpbc-diagonal-el\">\t\t<div class=\"wpbc-co-out\"><svg height=\"100%\" width=\"100%\" viewBox=\"0 0 100 100\" preserveAspectRatio=\"none\"><polygon points=\"0,0 0,99 99,0\"><\/polygon><polygon points=\"0,0 0,100 49,100 49,0\"><\/polygon><\/svg><\/div>\t\t<div class=\"wpbc-co-in\"><svg height=\"100%\" width=\"100%\" viewBox=\"0 0 98 98\" preserveAspectRatio=\"none\"><polygon points=\"0,99 99,99 99,0\"><\/polygon><polygon points=\"50,98 98,98 98,0 50,0\"><\/polygon><\/svg><\/div>\t<\/div>\t<div class=\"date-cell-content\">\t\t<div class=\"date-content-top\"><div class=\"wpbc_time_dots\">\u00b7<\/div><\/div>\t\t<a>&nbsp;<\/a>\t\t<div class=\"date-content-bottom\"><\/div>\t<\/div><\/div><\/td><\/tr><\/tbody><\/table><\/div><\/span><\/div><div class=\"block_text\">- <\/div><div class=\"block_text\">Gedeeltelijk geboekt<\/div><\/div><\/div><\/div><\/div>\n\t<\/div>\n\t<div class=\"wpbc__row\">\n      <div class=\"wpbc_r_name wpbc__field\">  <label for=\"name1\">Naam*<\/label><br>   <input type=\"text\" name=\"name1\" id=\"name1\" class=\"input-xlarge wpdev-validates-as-required\" \/><\/div>\n\n      <div class=\"wpbc_r_email wpbc__field\">  <label for=\"email1\">Email*<\/label><br>   <input type=\"email\" name=\"email1\" id=\"email1\" class=\"input-xlarge wpdev-validates-as-email wpdev-validates-as-required wpdev-validates-as-required\" \/><\/div>\n\t<\/div>\n\t<div class=\"wpbc__row\">\n      <div class=\"wpbc_r_phone wpbc__field\">  <label for=\"phone1\">Telefoonnummer<\/label><br>   <input type=\"text\" name=\"phone1\" id=\"phone1\" class=\"input-xlarge\" \/><\/div>\n\t<\/div>\n\t<div class=\"wpbc__row\">\n      <div class=\"wpbc_r_details wpbc__field\">  <label for=\"details1\">Bericht<\/label><br>   <textarea  rows=\"3\" name=\"details1\" id=\"details1\" class=\"input-xlarge\" ><\/textarea><\/div>\n\t<\/div>\n\t<div class=\"wpbc__row\">\n      <div class=\"wpbc_r_captcha wpbc__field\"> <span class=\"wpbc_text_captcha_container wpdev-form-control-wrap \"><input  autocomplete=\"off\" type=\"hidden\" name=\"wpdev_captcha_challenge_1\"  id=\"wpdev_captcha_challenge_1\" value=\"2097998061\" \/><input  autocomplete=\"off\" type=\"text\" class=\"captachinput\" value=\"\" name=\"captcha_input1\" id=\"captcha_input1\" \/><img class=\"captcha_img\"  id=\"captcha_img1\" alt=\"To show CAPTCHA, please deactivate cache plugin or exclude this page from caching or disable CAPTCHA at WP Booking Calendar - Settings General page in Form Options section.\" src=\"https:\/\/caravannaturistencamping.com\/wp-content\/plugins\/booking\/js\/captcha\/tmp\/2097998061.png\" \/><\/span><\/div>\n\t<\/div>\n\t<div class=\"wpbc__row\">\n      <div class=\"wpbc_r_submit wpbc__field\"> <button class=\"wpbc_button_light\" type=\"button\" onclick=\"mybooking_submit(this.form,1,'fr_FR');\" >Verzenden<\/button>\n<\/div>\n\t<\/div>\n    <\/div>\n<\/div><input id=\"bk_type1\" name=\"bk_type1\" class=\"\" type=\"hidden\" value=\"1\" \/><\/div><div id=\"submiting1\"><\/div><div class=\"form_bk_messages\" id=\"form_bk_messages1\" ><\/div><input type=\"hidden\" id=\"wpbc_nonceCALCULATE_THE_COST1\" name=\"wpbc_nonceCALCULATE_THE_COST1\" value=\"8520ff8462\" \/><input type=\"hidden\" name=\"_wp_http_referer\" value=\"\/fr\/wp-json\/wp\/v2\/pages\/11\" \/><\/form><\/div><div id=\"booking_form_garbage1\" class=\"booking_form_garbage\"><\/div><script type=\"text\/javascript\"> (function() { var a = setInterval( function() {  if ( ( 'undefined' === typeof _wpbc ) || ( 'undefined' === typeof jQuery ) || ! window.jQuery ) { return; } clearInterval( a ); jQuery( document ).ready( function (){ jQuery(\".widget_wpdev_booking .booking_form.form-horizontal\").removeClass(\"form-horizontal\");\n                                    var visible_calendars_count = _wpbc.get_other_param( \"calendars__on_this_page\" ).length;\n                                    if (visible_calendars_count !== null ) {\n                                        for (var i=0;i< visible_calendars_count ;i++){\n                                          if ( _wpbc.get_other_param( \"calendars__on_this_page\" )[i] === 1 ) {\n                                              document.getElementById(\"form_id165246805689\").innerHTML = \"<span style='color:#A00;font-size:10px;'>Warning! Booking calendar for this booking resource are already at the page, please check more about this issue at this page: https:\/\/wpbookingcalendar.com\/faq\/why-the-booking-calendar-widget-not-show-on-page\/<\/span>\";                                                                                                  \n                                              jQuery(\"#form_id165246805689\").animate( {opacity: 1}, 10000 ).fadeOut(5000);\n                                              return;\n                                          }\n                                        }\n                                        _wpbc.get_other_param( \"calendars__on_this_page\" )[ visible_calendars_count ]=1;\n                                    } } ); }, 500 ); })();<\/script> <script type=\"text\/javascript\"> (function() { var a = setInterval( function() {  if ( ( 'undefined' === typeof _wpbc ) || ( 'undefined' === typeof jQuery ) || ! window.jQuery ) { return; } clearInterval( a ); jQuery( document ).ready( function (){ _wpbc.balancer__set_max_threads( 3 );  _wpbc.calendar__set_param_value( 1 , 'calendar_scroll_to' , false );  _wpbc.calendar__set_param_value( 1 , 'booking_max_monthes_in_calendar' , '1y' );  _wpbc.calendar__set_param_value( 1 , 'booking_start_day_weeek' , '1' );  _wpbc.calendar__set_param_value( 1 , 'calendar_number_of_months' , '3' );   _wpbc.calendar__set_param_value( 1, 'days_select_mode', 'multiple' );   _wpbc.calendar__set_param_value( 1, 'fixed__days_num', 0 );   _wpbc.calendar__set_param_value( 1, 'fixed__week_days__start',   [] );   _wpbc.calendar__set_param_value( 1, 'dynamic__days_min', 0 );   _wpbc.calendar__set_param_value( 1, 'dynamic__days_max', 0 );   _wpbc.calendar__set_param_value( 1, 'dynamic__days_specific',    [] );   _wpbc.calendar__set_param_value( 1, 'dynamic__week_days__start', [] );   _wpbc.calendar__set_param_value( 1, 'booking_date_format', 'j F Y' );   _wpbc.calendar__set_param_value( 1, 'booking_time_format', 'H:i' );   if ( 'function' === typeof ( wpbc__conditions__SAVE_INITIAL__days_selection_params__bm ) ){ wpbc__conditions__SAVE_INITIAL__days_selection_params__bm( 1 ); }   wpbc_calendar_show( '1' );   _wpbc.set_secure_param( 'nonce',   '3935fe32f2' );   _wpbc.set_secure_param( 'user_id', '0' );   _wpbc.set_secure_param( 'locale',  'fr_FR' );  wpbc_calendar__load_data__ajx( {\"resource_id\":1,\"booking_hash\":\"\",\"request_uri\":\"\\\/fr\\\/wp-json\\\/wp\\\/v2\\\/pages\\\/11\",\"custom_form\":\"standard\",\"aggregate_resource_id_str\":\"\",\"aggregate_type\":\"all\"} ); } ); }, 500 ); })();<\/script>\n","protected":false},"excerpt":{"rendered":"<p>Cher visiteur, veuillez noter ! Si vous souhaitez effectuer une r\u00e9servation, vous devez cliquer sur tous les jours du calendrier jusqu&rsquo;au jour o\u00f9 vous souhaitez partir inclus, ceux-ci seront alors <a class=\"more-link\" href=\"https:\/\/caravannaturistencamping.com\/fr\/kalender\/\">Continue Reading \u2192<\/a><\/p>\n","protected":false},"author":1,"featured_media":0,"parent":0,"menu_order":0,"comment_status":"closed","ping_status":"closed","template":"","meta":[],"translation":{"provider":"WPGlobus","version":"2.8.11","language":"fr","enabled_languages":["nl","fr"],"languages":{"nl":{"title":true,"content":true,"excerpt":false},"fr":{"title":true,"content":true,"excerpt":false}}},"_links":{"self":[{"href":"https:\/\/caravannaturistencamping.com\/fr\/wp-json\/wp\/v2\/pages\/11"}],"collection":[{"href":"https:\/\/caravannaturistencamping.com\/fr\/wp-json\/wp\/v2\/pages"}],"about":[{"href":"https:\/\/caravannaturistencamping.com\/fr\/wp-json\/wp\/v2\/types\/page"}],"author":[{"embeddable":true,"href":"https:\/\/caravannaturistencamping.com\/fr\/wp-json\/wp\/v2\/users\/1"}],"replies":[{"embeddable":true,"href":"https:\/\/caravannaturistencamping.com\/fr\/wp-json\/wp\/v2\/comments?post=11"}],"version-history":[{"count":11,"href":"https:\/\/caravannaturistencamping.com\/fr\/wp-json\/wp\/v2\/pages\/11\/revisions"}],"predecessor-version":[{"id":272,"href":"https:\/\/caravannaturistencamping.com\/fr\/wp-json\/wp\/v2\/pages\/11\/revisions\/272"}],"wp:attachment":[{"href":"https:\/\/caravannaturistencamping.com\/fr\/wp-json\/wp\/v2\/media?parent=11"}],"curies":[{"name":"wp","href":"https:\/\/api.w.org\/{rel}","templated":true}]}}